{"id":862,"date":"2026-05-05T15:31:37","date_gmt":"2026-05-05T13:31:37","guid":{"rendered":"https:\/\/lesatelierspetassou.fr\/bienvenue\/?page_id=862"},"modified":"2026-05-05T15:31:37","modified_gmt":"2026-05-05T13:31:37","slug":"les-ateliers-ephemeres-mai-2026","status":"publish","type":"page","link":"https:\/\/lesatelierspetassou.fr\/bienvenue\/les-ateliers-ephemeres-mai-2026\/","title":{"rendered":"Les Ateliers \u00c9ph\u00e9m\u00e8res &#8211; Mai 2026"},"content":{"rendered":"\n<div class=\"wp-block-columns are-vertically-aligned-center is-layout-flex wp-container-core-columns-is-layout-9d6595d7 wp-block-columns-is-layout-flex\">\n<div class=\"wp-block-column is-vertically-aligned-center is-layout-flow wp-block-column-is-layout-flow\" style=\"flex-basis:100%\"><\/div>\n<\/div>\n\n\n\n<div class=\"wp-block-columns are-vertically-aligned-center is-layout-flex wp-container-core-columns-is-layout-9d6595d7 wp-block-columns-is-layout-flex\">\n<div class=\"wp-block-column is-layout-flow wp-block-column-is-layout-flow\" style=\"flex-basis:33.33%\">\n<figure class=\"wp-block-image size-large\"><img loading=\"lazy\" decoding=\"async\" width=\"722\" height=\"1024\" src=\"https:\/\/lesatelierspetassou.fr\/wp-content\/uploads\/2026\/05\/Affiche_Promo-Ateliers-722x1024.png\" alt=\"Pr\u00e9sentation G\u00e9n\u00e9rale des Ateliers propos\u00e9s aux Couturi\u00e8res ayant la volont\u00e9 d'\u00e9voluer\" class=\"wp-image-863\" srcset=\"https:\/\/lesatelierspetassou.fr\/wp-content\/uploads\/2026\/05\/Affiche_Promo-Ateliers-722x1024.png 722w, https:\/\/lesatelierspetassou.fr\/wp-content\/uploads\/2026\/05\/Affiche_Promo-Ateliers-212x300.png 212w, https:\/\/lesatelierspetassou.fr\/wp-content\/uploads\/2026\/05\/Affiche_Promo-Ateliers-768x1089.png 768w, https:\/\/lesatelierspetassou.fr\/wp-content\/uploads\/2026\/05\/Affiche_Promo-Ateliers-1083x1536.png 1083w, https:\/\/lesatelierspetassou.fr\/wp-content\/uploads\/2026\/05\/Affiche_Promo-Ateliers-395x560.png 395w, https:\/\/lesatelierspetassou.fr\/wp-content\/uploads\/2026\/05\/Affiche_Promo-Ateliers-145x206.png 145w, https:\/\/lesatelierspetassou.fr\/wp-content\/uploads\/2026\/05\/Affiche_Promo-Ateliers-176x250.png 176w, https:\/\/lesatelierspetassou.fr\/wp-content\/uploads\/2026\/05\/Affiche_Promo-Ateliers-600x851.png 600w, https:\/\/lesatelierspetassou.fr\/wp-content\/uploads\/2026\/05\/Affiche_Promo-Ateliers.png 1410w\" sizes=\"auto, (max-width: 722px) 100vw, 722px\" \/><figcaption class=\"wp-element-caption\"><em>D&#8217;apr\u00e8s votre Machine, il est temps de R\u00e9viser les Couturi\u00e8res&#8230;<\/em> <\/figcaption><\/figure>\n<\/div>\n\n\n\n<div class=\"wp-block-column is-layout-flow wp-block-column-is-layout-flow\" style=\"flex-basis:66.66%\">\n<h2 class=\"wp-block-heading has-text-align-left\">Votre Machine vous a pass\u00e9 un Message&#8230;<\/h2>\n\n\n\n<p>Bouclettes, Saut de point, Bourrage&#8230; Grognement&#8230;<\/p>\n\n\n\n<h3 class=\"wp-block-heading\">Et si tout simplement elle avait d\u00e9cid\u00e9 de vous envoyer en r\u00e9vision, \u00e0 vous aussi ?<\/h3>\n\n\n\n<p>Dr\u00f4le de situation, mais en tant qu&#8217;Experte et Technicienne de vos outils de couture, je dois \u00eatre honn\u00eate avec vous.<\/p>\n\n\n\n<p><br>Plus de 80% de Vos Gal\u00e8res, Vos Mauvaises Exp\u00e9riences, Vos Coutures Moches ou Al\u00e9atoires&#8230; peuvent \u00eatre \u00e9vit\u00e9es en adoptant les Bons R\u00e9flexes, Adaptant sa Gestuelle ou encore en Comprenant le PDC, (non, pas le Partage de Connexion, mais&#8230;), le Pourquoi du Comment, pour faire les r\u00e9glages ou ajustements n\u00e9cessaires !<\/p>\n\n\n\n<h4 class=\"wp-block-heading\"><br>Alors voil\u00e0 tous les ateliers \u00e0 votre disposition, pour enfin gagner en : Confiance, Aisance et Joie de Coudre !<\/h4>\n<\/div>\n<\/div>\n\n\n\n<p><\/p>\n","protected":false},"excerpt":{"rendered":"<p>Votre Machine vous a pass\u00e9 un Message&#8230; Bouclettes, Saut de point, Bourrage&#8230; Grognement&#8230; Et si tout simplement elle avait d\u00e9cid\u00e9 de vous envoyer en r\u00e9vision, \u00e0 vous aussi ? Dr\u00f4le de situation, mais en tant qu&#8217;Experte et Technicienne de vos outils de couture, je dois \u00eatre honn\u00eate avec vous. Plus de 80% de Vos Gal\u00e8res, [&hellip;]<\/p>\n","protected":false},"author":1,"featured_media":0,"parent":0,"menu_order":0,"comment_status":"closed","ping_status":"closed","template":"","meta":{"footnotes":""},"class_list":["post-862","page","type-page","status-publish","hentry"],"featured_image_src":null,"featured_image_src_square":null,"jetpack_sharing_enabled":true,"_links":{"self":[{"href":"https:\/\/lesatelierspetassou.fr\/bienvenue\/wp-json\/wp\/v2\/pages\/862","targetHints":{"allow":["GET"]}}],"collection":[{"href":"https:\/\/lesatelierspetassou.fr\/bienvenue\/wp-json\/wp\/v2\/pages"}],"about":[{"href":"https:\/\/lesatelierspetassou.fr\/bienvenue\/wp-json\/wp\/v2\/types\/page"}],"author":[{"embeddable":true,"href":"https:\/\/lesatelierspetassou.fr\/bienvenue\/wp-json\/wp\/v2\/users\/1"}],"replies":[{"embeddable":true,"href":"https:\/\/lesatelierspetassou.fr\/bienvenue\/wp-json\/wp\/v2\/comments?post=862"}],"version-history":[{"count":7,"href":"https:\/\/lesatelierspetassou.fr\/bienvenue\/wp-json\/wp\/v2\/pages\/862\/revisions"}],"predecessor-version":[{"id":870,"href":"https:\/\/lesatelierspetassou.fr\/bienvenue\/wp-json\/wp\/v2\/pages\/862\/revisions\/870"}],"wp:attachment":[{"href":"https:\/\/lesatelierspetassou.fr\/bienvenue\/wp-json\/wp\/v2\/media?parent=862"}],"curies":[{"name":"wp","href":"https:\/\/api.w.org\/{rel}","templated":true}]}}