{"id":666,"date":"2023-06-08T13:28:18","date_gmt":"2023-06-08T11:28:18","guid":{"rendered":"https:\/\/lesatelierspetassou.fr\/bienvenue\/?page_id=666"},"modified":"2025-12-15T12:28:42","modified_gmt":"2025-12-15T11:28:42","slug":"cadeaux-a-offrir","status":"publish","type":"page","link":"https:\/\/lesatelierspetassou.fr\/bienvenue\/cadeaux-a-offrir\/","title":{"rendered":"CADEAUX \u00c0 OFFRIR"},"content":{"rendered":"\n<div class=\"wp-block-media-text alignwide is-stacked-on-mobile\"><figure class=\"wp-block-media-text__media\"><video controls src=\"https:\/\/lesatelierspetassou.fr\/wp-content\/uploads\/2025\/12\/NOEL-2025-Bons-Cadeaux-Derniere-Chance.mp4\"><\/video><\/figure><div class=\"wp-block-media-text__content\">\n<p>Sp\u00e9cial Team &#8220;Derni\u00e8re Minute&#8221; ou &#8220;Retardataire&#8221; ! Les Bons Cadeaux, parfaits pour faire plaisir \u2665 \u00e0 une Couturi\u00e8re !<\/p>\n<\/div><\/div>\n\n\n\n<h3 class=\"wp-block-heading has-text-color\" style=\"color:#dc4a41;font-size:22px\">Id\u00e9es Cadeaux<br><em>F\u00eates des M\u00e8res\/P\u00e8re, des Grands-M\u00e8res\/P\u00e8res<br>No\u00ebl, Anniversaire, Surprise, EVJ, et Autres Occasions<\/em><\/h3>\n\n\n\n<h3 class=\"wp-block-heading has-text-color has-medium-font-size\" style=\"color:#2e5f5b\">Cours de Couture D\u00e9butant &#8211; Atelier Th\u00e9matique &#8211; Entretien de Machine \u00e0 Coudre<\/h3>\n\n\n\n<p>A Offrir ou se faire Offrir, une r\u00e9vision de machine \u00e0 coudre, ou un moment cr\u00e9atif \u00e0 partager, pour d\u00e9buter ou se perfectionner c&#8217;est le cadeau qui fait plaisir \u00e0 coup s\u00fbr. <br><strong>De 50 \u00e0 120 euros<\/strong>, il y en a pour tous les budgets.<\/p>\n\n\n\n<figure class=\"wp-block-gallery has-nested-images columns-default is-cropped wp-block-gallery-1 is-layout-flex wp-block-gallery-is-layout-flex\">\n<figure class=\"wp-block-image size-large\"><img loading=\"lazy\" decoding=\"async\" width=\"1024\" height=\"471\" data-id=\"547\" src=\"https:\/\/lesatelierspetassou.fr\/wp-content\/uploads\/2022\/11\/SPECIMEN-BON-CADEAU-POUR-ATELIER-A-DOMICILE-1024x471.png\" alt=\"\" class=\"wp-image-547\" srcset=\"https:\/\/lesatelierspetassou.fr\/wp-content\/uploads\/2022\/11\/SPECIMEN-BON-CADEAU-POUR-ATELIER-A-DOMICILE-1024x471.png 1024w, https:\/\/lesatelierspetassou.fr\/wp-content\/uploads\/2022\/11\/SPECIMEN-BON-CADEAU-POUR-ATELIER-A-DOMICILE-300x138.png 300w, https:\/\/lesatelierspetassou.fr\/wp-content\/uploads\/2022\/11\/SPECIMEN-BON-CADEAU-POUR-ATELIER-A-DOMICILE-768x353.png 768w, https:\/\/lesatelierspetassou.fr\/wp-content\/uploads\/2022\/11\/SPECIMEN-BON-CADEAU-POUR-ATELIER-A-DOMICILE-1536x707.png 1536w, https:\/\/lesatelierspetassou.fr\/wp-content\/uploads\/2022\/11\/SPECIMEN-BON-CADEAU-POUR-ATELIER-A-DOMICILE-1217x560.png 1217w, https:\/\/lesatelierspetassou.fr\/wp-content\/uploads\/2022\/11\/SPECIMEN-BON-CADEAU-POUR-ATELIER-A-DOMICILE-310x143.png 310w, https:\/\/lesatelierspetassou.fr\/wp-content\/uploads\/2022\/11\/SPECIMEN-BON-CADEAU-POUR-ATELIER-A-DOMICILE-348x160.png 348w, https:\/\/lesatelierspetassou.fr\/wp-content\/uploads\/2022\/11\/SPECIMEN-BON-CADEAU-POUR-ATELIER-A-DOMICILE.png 2000w\" sizes=\"auto, (max-width: 1024px) 100vw, 1024px\" \/><\/figure>\n\n\n\n<figure class=\"wp-block-image size-large\"><img loading=\"lazy\" decoding=\"async\" width=\"1024\" height=\"471\" data-id=\"548\" src=\"https:\/\/lesatelierspetassou.fr\/wp-content\/uploads\/2022\/11\/SPECIMEN-BON-CADEAU-POUR-PRISE-EN-MAIN-1024x471.png\" alt=\"\" class=\"wp-image-548\" srcset=\"https:\/\/lesatelierspetassou.fr\/wp-content\/uploads\/2022\/11\/SPECIMEN-BON-CADEAU-POUR-PRISE-EN-MAIN-1024x471.png 1024w, https:\/\/lesatelierspetassou.fr\/wp-content\/uploads\/2022\/11\/SPECIMEN-BON-CADEAU-POUR-PRISE-EN-MAIN-300x138.png 300w, https:\/\/lesatelierspetassou.fr\/wp-content\/uploads\/2022\/11\/SPECIMEN-BON-CADEAU-POUR-PRISE-EN-MAIN-768x353.png 768w, https:\/\/lesatelierspetassou.fr\/wp-content\/uploads\/2022\/11\/SPECIMEN-BON-CADEAU-POUR-PRISE-EN-MAIN-1536x707.png 1536w, https:\/\/lesatelierspetassou.fr\/wp-content\/uploads\/2022\/11\/SPECIMEN-BON-CADEAU-POUR-PRISE-EN-MAIN-1217x560.png 1217w, https:\/\/lesatelierspetassou.fr\/wp-content\/uploads\/2022\/11\/SPECIMEN-BON-CADEAU-POUR-PRISE-EN-MAIN-310x143.png 310w, https:\/\/lesatelierspetassou.fr\/wp-content\/uploads\/2022\/11\/SPECIMEN-BON-CADEAU-POUR-PRISE-EN-MAIN-348x160.png 348w, https:\/\/lesatelierspetassou.fr\/wp-content\/uploads\/2022\/11\/SPECIMEN-BON-CADEAU-POUR-PRISE-EN-MAIN.png 2000w\" sizes=\"auto, (max-width: 1024px) 100vw, 1024px\" \/><\/figure>\n\n\n\n<figure class=\"wp-block-image size-large\"><img loading=\"lazy\" decoding=\"async\" width=\"1024\" height=\"471\" data-id=\"546\" src=\"https:\/\/lesatelierspetassou.fr\/wp-content\/uploads\/2022\/11\/SPECIMEN-BON-CADEAU-POUR-REVISION-1024x471.png\" alt=\"\" class=\"wp-image-546\" srcset=\"https:\/\/lesatelierspetassou.fr\/wp-content\/uploads\/2022\/11\/SPECIMEN-BON-CADEAU-POUR-REVISION-1024x471.png 1024w, https:\/\/lesatelierspetassou.fr\/wp-content\/uploads\/2022\/11\/SPECIMEN-BON-CADEAU-POUR-REVISION-300x138.png 300w, https:\/\/lesatelierspetassou.fr\/wp-content\/uploads\/2022\/11\/SPECIMEN-BON-CADEAU-POUR-REVISION-768x353.png 768w, https:\/\/lesatelierspetassou.fr\/wp-content\/uploads\/2022\/11\/SPECIMEN-BON-CADEAU-POUR-REVISION-1536x707.png 1536w, https:\/\/lesatelierspetassou.fr\/wp-content\/uploads\/2022\/11\/SPECIMEN-BON-CADEAU-POUR-REVISION-1217x560.png 1217w, https:\/\/lesatelierspetassou.fr\/wp-content\/uploads\/2022\/11\/SPECIMEN-BON-CADEAU-POUR-REVISION-310x143.png 310w, https:\/\/lesatelierspetassou.fr\/wp-content\/uploads\/2022\/11\/SPECIMEN-BON-CADEAU-POUR-REVISION-348x160.png 348w, https:\/\/lesatelierspetassou.fr\/wp-content\/uploads\/2022\/11\/SPECIMEN-BON-CADEAU-POUR-REVISION.png 2000w\" sizes=\"auto, (max-width: 1024px) 100vw, 1024px\" \/><\/figure>\n<\/figure>\n\n\n\n<h2 class=\"wp-block-heading has-text-color\" style=\"color:#2e5f5b;font-size:22px\">\u00c0 domicile<\/h2>\n\n\n\n<p>L&#8217;atelier \u00e9tant situ\u00e9 dans le Sud Gironde, \u00e0 la limite des Landes et du Bassin d&#8217;Arcachon, les <strong>ATELIERS PETASSOU<\/strong> proposent d&#8217;organiser ses <strong>d\u00e9placements pour la prise en charge votre Machine<\/strong> ou pour les <strong>Cours et Ateliers<\/strong>, en sud Gironde et bient\u00f4t possible dans quelques points relais, que ce soit pour une<strong> simple r\u00e9vision, des r\u00e9glages, une r\u00e9paration<\/strong>, <strong>ou tout simplement apprendre \u00e0 coudre<\/strong>.<\/p>\n","protected":false},"excerpt":{"rendered":"<p>Sp\u00e9cial Team &#8220;Derni\u00e8re Minute&#8221; ou &#8220;Retardataire&#8221; ! Les Bons Cadeaux, parfaits pour faire plaisir \u2665 \u00e0 une Couturi\u00e8re ! Id\u00e9es CadeauxF\u00eates des M\u00e8res\/P\u00e8re, des Grands-M\u00e8res\/P\u00e8resNo\u00ebl, Anniversaire, Surprise, EVJ, et Autres Occasions Cours de Couture D\u00e9butant &#8211; Atelier Th\u00e9matique &#8211; Entretien de Machine \u00e0 Coudre A Offrir ou se faire Offrir, une r\u00e9vision de machine \u00e0 [&hellip;]<\/p>\n","protected":false},"author":1,"featured_media":0,"parent":0,"menu_order":3,"comment_status":"closed","ping_status":"closed","template":"","meta":{"footnotes":""},"class_list":["post-666","page","type-page","status-publish","hentry"],"featured_image_src":null,"featured_image_src_square":null,"jetpack_sharing_enabled":true,"_links":{"self":[{"href":"https:\/\/lesatelierspetassou.fr\/bienvenue\/wp-json\/wp\/v2\/pages\/666","targetHints":{"allow":["GET"]}}],"collection":[{"href":"https:\/\/lesatelierspetassou.fr\/bienvenue\/wp-json\/wp\/v2\/pages"}],"about":[{"href":"https:\/\/lesatelierspetassou.fr\/bienvenue\/wp-json\/wp\/v2\/types\/page"}],"author":[{"embeddable":true,"href":"https:\/\/lesatelierspetassou.fr\/bienvenue\/wp-json\/wp\/v2\/users\/1"}],"replies":[{"embeddable":true,"href":"https:\/\/lesatelierspetassou.fr\/bienvenue\/wp-json\/wp\/v2\/comments?post=666"}],"version-history":[{"count":9,"href":"https:\/\/lesatelierspetassou.fr\/bienvenue\/wp-json\/wp\/v2\/pages\/666\/revisions"}],"predecessor-version":[{"id":809,"href":"https:\/\/lesatelierspetassou.fr\/bienvenue\/wp-json\/wp\/v2\/pages\/666\/revisions\/809"}],"wp:attachment":[{"href":"https:\/\/lesatelierspetassou.fr\/bienvenue\/wp-json\/wp\/v2\/media?parent=666"}],"curies":[{"name":"wp","href":"https:\/\/api.w.org\/{rel}","templated":true}]}}