{"id":596,"date":"2022-12-15T12:49:00","date_gmt":"2022-12-15T11:49:00","guid":{"rendered":"https:\/\/lesatelierspetassou.fr\/bienvenue\/?page_id=596"},"modified":"2026-01-05T15:52:07","modified_gmt":"2026-01-05T14:52:07","slug":"prise-en-main_1h30","status":"publish","type":"page","link":"https:\/\/lesatelierspetassou.fr\/bienvenue\/cours-de-couture\/prise-en-main_1h30\/","title":{"rendered":"PRISE EN MAIN &#8211; 1h30"},"content":{"rendered":"\n<div class=\"wp-block-columns are-vertically-aligned-center is-layout-flex wp-container-core-columns-is-layout-9d6595d7 wp-block-columns-is-layout-flex\">\n<div class=\"wp-block-column is-vertically-aligned-center is-layout-flow wp-block-column-is-layout-flow\" style=\"flex-basis:50%\">\n<p>PARFAITE pour Toi si :<\/p>\n<\/div>\n\n\n\n<div class=\"wp-block-column is-vertically-aligned-center is-layout-flow wp-block-column-is-layout-flow\" style=\"flex-basis:50%\">\n<ul class=\"wp-block-list\">\n<li>Tu viens de d\u00e9baller ta Machine (Machine \u00e0 coudre, surjeteuse, brodeuse&#8230;etc)<\/li>\n\n\n\n<li>Ta Machine reste trop souvent au placard, parce-ce que tu as l&#8217;impression d&#8217;\u00eatre trop mauvais(e) pour l&#8217;utiliser&#8230;<\/li>\n\n\n\n<li>Tu n&#8217;oses pas t&#8217;aventurer dans toutes les options que propose ta machine, tellement elle est sophistiqu\u00e9e&#8230;<\/li>\n<\/ul>\n<\/div>\n<\/div>\n\n\n\n<h2 class=\"wp-block-heading\">Une Prise en Main ?<\/h2>\n\n\n\n<p>Avec une Prise en Main d&#8217;1h30, c&#8217;est la GARANTIE de monter d&#8217;un NIVEAU en un \u00e9clair !<br>Un T\u00eate-\u00e0-T\u00eate, un Face To Face, bref&#8230; Toi, Moi + Ta Machine que je te propose.<\/p>\n\n\n\n<p>Je te propose d&#8217;\u00eatre ta Notice Vivante pendant 1h30.<\/p>\n\n\n\n<h2 class=\"wp-block-heading\">Comment \u00e7a se passe ?<\/h2>\n\n\n\n<p>\u00c0 ton rythme et selon ton niveau actuel, ma mission sera de t&#8217;accompagner pour :<\/p>\n\n\n\n<ul class=\"wp-block-list\">\n<li>D\u00e9couvrir les options, r\u00e9glages et accessoires de ta machine<\/li>\n\n\n\n<li>Ma\u00eetriser les \u00e9tapes de l&#8217;enfilage, (\u00e9tape cruciale et essentielle, sans cela, pas de couture !)<\/li>\n\n\n\n<li>Faire tes premiers POINTS DROITS \/ ZIG-ZAG \u00e0 la machine, si tu pars de Z\u00e9ro<\/li>\n\n\n\n<li>Appr\u00e9hender les diff\u00e9rents POINTS propos\u00e9s par ta Super Machine<\/li>\n\n\n\n<li>Limiter les erreurs, et croyances qui t&#8217;emp\u00eachent d&#8217;avancer<\/li>\n<\/ul>\n\n\n\n<h2 class=\"wp-block-heading\">Alors, tu en penses quoi ?<\/h2>\n\n\n\n<p>Je serai ravie d&#8217;en discuter avec toi, surtout si tu as des Questions, des Doutes, ou envie de Planifier ce Moment Privil\u00e9gi\u00e9&#8230; Appelle-moi !<\/p>\n\n\n\n<h2 class=\"wp-block-heading\">Une id\u00e9e du Tarif ?<\/h2>\n\n\n\n<p>Formules :<\/p>\n\n\n\n<ul class=\"wp-block-list\">\n<li>1h30 \u00e0 60\u20ac (1 Participant(e))<\/li>\n\n\n\n<li> 2h \u00e0 45\u20ac\/personne (Duo ou Trio maximum)<\/li>\n<\/ul>\n\n\n\n<p>Ces formules ne tiennent pas compte du d\u00e9placement, qui est en suppl\u00e9ment \u00e0 1,20\u20ac\/km.<\/p>\n","protected":false},"excerpt":{"rendered":"<p>PARFAITE pour Toi si : Une Prise en Main ? Avec une Prise en Main d&#8217;1h30, c&#8217;est la GARANTIE de monter d&#8217;un NIVEAU en un \u00e9clair !Un T\u00eate-\u00e0-T\u00eate, un Face To Face, bref&#8230; Toi, Moi + Ta Machine que je te propose. Je te propose d&#8217;\u00eatre ta Notice Vivante pendant 1h30. Comment \u00e7a se passe [&hellip;]<\/p>\n","protected":false},"author":1,"featured_media":0,"parent":423,"menu_order":1,"comment_status":"closed","ping_status":"closed","template":"","meta":{"footnotes":""},"class_list":["post-596","page","type-page","status-publish","hentry"],"featured_image_src":null,"featured_image_src_square":null,"jetpack_sharing_enabled":true,"_links":{"self":[{"href":"https:\/\/lesatelierspetassou.fr\/bienvenue\/wp-json\/wp\/v2\/pages\/596","targetHints":{"allow":["GET"]}}],"collection":[{"href":"https:\/\/lesatelierspetassou.fr\/bienvenue\/wp-json\/wp\/v2\/pages"}],"about":[{"href":"https:\/\/lesatelierspetassou.fr\/bienvenue\/wp-json\/wp\/v2\/types\/page"}],"author":[{"embeddable":true,"href":"https:\/\/lesatelierspetassou.fr\/bienvenue\/wp-json\/wp\/v2\/users\/1"}],"replies":[{"embeddable":true,"href":"https:\/\/lesatelierspetassou.fr\/bienvenue\/wp-json\/wp\/v2\/comments?post=596"}],"version-history":[{"count":8,"href":"https:\/\/lesatelierspetassou.fr\/bienvenue\/wp-json\/wp\/v2\/pages\/596\/revisions"}],"predecessor-version":[{"id":813,"href":"https:\/\/lesatelierspetassou.fr\/bienvenue\/wp-json\/wp\/v2\/pages\/596\/revisions\/813"}],"up":[{"embeddable":true,"href":"https:\/\/lesatelierspetassou.fr\/bienvenue\/wp-json\/wp\/v2\/pages\/423"}],"wp:attachment":[{"href":"https:\/\/lesatelierspetassou.fr\/bienvenue\/wp-json\/wp\/v2\/media?parent=596"}],"curies":[{"name":"wp","href":"https:\/\/api.w.org\/{rel}","templated":true}]}}