{"id":441,"date":"2021-11-22T17:59:17","date_gmt":"2021-11-22T16:59:17","guid":{"rendered":"https:\/\/lesatelierspetassou.fr\/?page_id=441"},"modified":"2024-08-29T14:59:47","modified_gmt":"2024-08-29T12:59:47","slug":"cours-particuliers","status":"publish","type":"page","link":"https:\/\/lesatelierspetassou.fr\/bienvenue\/cours-de-couture\/cours-particuliers\/","title":{"rendered":"COURS PARTICULIERS"},"content":{"rendered":"\n<h1 class=\"wp-block-heading has-text-color\" style=\"color:#2e5f5b;font-size:26px\">Mise en Pratique d&#8217;une Technique de Couture, d&#8217;un Projet \u00e0 R\u00e9aliser, \u00c0 Domicile<\/h1>\n\n\n\n<blockquote class=\"wp-block-quote is-style-plain is-layout-flow wp-block-quote-is-layout-flow\">\n<p>\u00c0 petite dose ou au Galop&#8230; c&#8217;est vous qui choisissez !<\/p>\n<cite>Les Ateliers Petassou<\/cite><\/blockquote>\n\n\n\n<h2 class=\"wp-block-heading\"><br>Sous quelle formule ?<\/h2>\n\n\n\n<p>Avant toute chose, un entretien t\u00e9l\u00e9phonique est n\u00e9cessaire pour \u00e9tudier ensemble la meilleure progression \u00e0 mettre en place, selon Ton Budget, et Tes D\u00e9sirs de Progression.<\/p>\n\n\n\n<p>On prendra le temps de d\u00e9terminer l&#8217;ensemble de tes contraintes : la Disponibilit\u00e9, la Dur\u00e9e du ou des cours, les Techniques ma\u00eetris\u00e9es et celles \u00e0 performer, les Objectifs et le Budget (Malheureusement peu extensible ! Je le comprends).<\/p>\n\n\n\n<p>J&#8217;aurai alors tous les param\u00e8tres pour \u00e9tablir une proposition sur Mesure, qui TE corresponde.<\/p>\n\n\n\n<h2 class=\"wp-block-heading\"><br>Une id\u00e9e du Prix ?<\/h2>\n\n\n\n<p>Le tarif initial pour un Cours Particulier est de 35\u20ac\/h pour 1 personne, avec un suppl\u00e9ment pour le d\u00e9placement de 1,20\u20ac\/km.<br>Tarif D\u00e9gressif en fonction du volume d&#8217;heures ou du nombre de participant(e)s.<\/p>\n","protected":false},"excerpt":{"rendered":"<p>Mise en Pratique d&#8217;une Technique de Couture, d&#8217;un Projet \u00e0 R\u00e9aliser, \u00c0 Domicile \u00c0 petite dose ou au Galop&#8230; c&#8217;est vous qui choisissez ! Les Ateliers Petassou Sous quelle formule ? Avant toute chose, un entretien t\u00e9l\u00e9phonique est n\u00e9cessaire pour \u00e9tudier ensemble la meilleure progression \u00e0 mettre en place, selon Ton Budget, et Tes D\u00e9sirs [&hellip;]<\/p>\n","protected":false},"author":1,"featured_media":0,"parent":423,"menu_order":3,"comment_status":"closed","ping_status":"closed","template":"","meta":{"footnotes":""},"class_list":["post-441","page","type-page","status-publish","hentry"],"featured_image_src":null,"featured_image_src_square":null,"jetpack_sharing_enabled":true,"_links":{"self":[{"href":"https:\/\/lesatelierspetassou.fr\/bienvenue\/wp-json\/wp\/v2\/pages\/441","targetHints":{"allow":["GET"]}}],"collection":[{"href":"https:\/\/lesatelierspetassou.fr\/bienvenue\/wp-json\/wp\/v2\/pages"}],"about":[{"href":"https:\/\/lesatelierspetassou.fr\/bienvenue\/wp-json\/wp\/v2\/types\/page"}],"author":[{"embeddable":true,"href":"https:\/\/lesatelierspetassou.fr\/bienvenue\/wp-json\/wp\/v2\/users\/1"}],"replies":[{"embeddable":true,"href":"https:\/\/lesatelierspetassou.fr\/bienvenue\/wp-json\/wp\/v2\/comments?post=441"}],"version-history":[{"count":13,"href":"https:\/\/lesatelierspetassou.fr\/bienvenue\/wp-json\/wp\/v2\/pages\/441\/revisions"}],"predecessor-version":[{"id":772,"href":"https:\/\/lesatelierspetassou.fr\/bienvenue\/wp-json\/wp\/v2\/pages\/441\/revisions\/772"}],"up":[{"embeddable":true,"href":"https:\/\/lesatelierspetassou.fr\/bienvenue\/wp-json\/wp\/v2\/pages\/423"}],"wp:attachment":[{"href":"https:\/\/lesatelierspetassou.fr\/bienvenue\/wp-json\/wp\/v2\/media?parent=441"}],"curies":[{"name":"wp","href":"https:\/\/api.w.org\/{rel}","templated":true}]}}