{"id":439,"date":"2021-11-22T17:59:17","date_gmt":"2021-11-22T16:59:17","guid":{"rendered":"https:\/\/lesatelierspetassou.fr\/?page_id=439"},"modified":"2024-08-29T14:58:17","modified_gmt":"2024-08-29T12:58:17","slug":"ateliers-thematiques","status":"publish","type":"page","link":"https:\/\/lesatelierspetassou.fr\/bienvenue\/cours-de-couture\/ateliers-thematiques\/","title":{"rendered":"ATELIERS TH\u00c9MATIQUES"},"content":{"rendered":"\n<h1 class=\"wp-block-heading has-text-color\" style=\"color:#2e5f5b;font-size:26px\">Un moment Couture \u00e0 domicile, \u00e0 partager entre Ami(e)s, Coll\u00e8gues, en Famille<\/h1>\n\n\n\n<p>EVJ (H\/F), Naissance, Anniversaire, F\u00eates Diverses&#8230; <br>Tous les pr\u00e9textes sont bons pour Programmer un Atelier Couture Th\u00e9matique !<\/p>\n\n\n\n<p><br>L&#8217;id\u00e9e est de choisir un th\u00e8me global ou bien un projet pr\u00e9cis \u00e0 l&#8217;ordre du jour.<\/p>\n\n\n\n<p>Chacun(e) repartira avec sa r\u00e9alisation. Les niveaux peuvent \u00eatres mix\u00e9s, dans la limite de 4 participant(e)s.<\/p>\n\n\n\n<p>S&#8217;il n&#8217;y avait que des Novices, une 1\/2 heure d&#8217;Adaptation sera n\u00e9cessaire pour leur faire Acqu\u00e9rir le minimum Vital \u00e0 toute confection, \u00e0 prendre en compte dans la Dur\u00e9e de l&#8217;atelier.<\/p>\n\n\n\n<p>Dans la mesure o\u00f9 chaque projet peut prendre plus ou moins de temps selon le niveau respectif de chacun, il est important que l&#8217;on puisse d\u00e9terminer ensemble le type de r\u00e9alisation souhait\u00e9, le temps et mat\u00e9riel n\u00e9cessaire \u00e0 cet Atelier.<br><br>Le tarif quand \u00e0 lui est fix\u00e9 \u00e0 18\u20ac\/h\/pers., avec un suppl\u00e9ment pour le d\u00e9placement, de 1,20\u20ac\/km (aller\/retour).<\/p>\n","protected":false},"excerpt":{"rendered":"<p>Un moment Couture \u00e0 domicile, \u00e0 partager entre Ami(e)s, Coll\u00e8gues, en Famille EVJ (H\/F), Naissance, Anniversaire, F\u00eates Diverses&#8230; Tous les pr\u00e9textes sont bons pour Programmer un Atelier Couture Th\u00e9matique ! L&#8217;id\u00e9e est de choisir un th\u00e8me global ou bien un projet pr\u00e9cis \u00e0 l&#8217;ordre du jour. Chacun(e) repartira avec sa r\u00e9alisation. Les niveaux peuvent \u00eatres [&hellip;]<\/p>\n","protected":false},"author":1,"featured_media":0,"parent":423,"menu_order":2,"comment_status":"closed","ping_status":"closed","template":"","meta":{"footnotes":""},"class_list":["post-439","page","type-page","status-publish","hentry"],"featured_image_src":null,"featured_image_src_square":null,"jetpack_sharing_enabled":true,"_links":{"self":[{"href":"https:\/\/lesatelierspetassou.fr\/bienvenue\/wp-json\/wp\/v2\/pages\/439","targetHints":{"allow":["GET"]}}],"collection":[{"href":"https:\/\/lesatelierspetassou.fr\/bienvenue\/wp-json\/wp\/v2\/pages"}],"about":[{"href":"https:\/\/lesatelierspetassou.fr\/bienvenue\/wp-json\/wp\/v2\/types\/page"}],"author":[{"embeddable":true,"href":"https:\/\/lesatelierspetassou.fr\/bienvenue\/wp-json\/wp\/v2\/users\/1"}],"replies":[{"embeddable":true,"href":"https:\/\/lesatelierspetassou.fr\/bienvenue\/wp-json\/wp\/v2\/comments?post=439"}],"version-history":[{"count":6,"href":"https:\/\/lesatelierspetassou.fr\/bienvenue\/wp-json\/wp\/v2\/pages\/439\/revisions"}],"predecessor-version":[{"id":771,"href":"https:\/\/lesatelierspetassou.fr\/bienvenue\/wp-json\/wp\/v2\/pages\/439\/revisions\/771"}],"up":[{"embeddable":true,"href":"https:\/\/lesatelierspetassou.fr\/bienvenue\/wp-json\/wp\/v2\/pages\/423"}],"wp:attachment":[{"href":"https:\/\/lesatelierspetassou.fr\/bienvenue\/wp-json\/wp\/v2\/media?parent=439"}],"curies":[{"name":"wp","href":"https:\/\/api.w.org\/{rel}","templated":true}]}}