{"id":423,"date":"2021-11-22T17:10:59","date_gmt":"2021-11-22T16:10:59","guid":{"rendered":"https:\/\/lesatelierspetassou.fr\/?page_id=423"},"modified":"2024-08-29T15:01:26","modified_gmt":"2024-08-29T13:01:26","slug":"cours-de-couture","status":"publish","type":"page","link":"https:\/\/lesatelierspetassou.fr\/bienvenue\/cours-de-couture\/","title":{"rendered":"COURS DE COUTURE"},"content":{"rendered":"\n<h1 class=\"has-text-color wp-block-heading\" style=\"font-size:26px;color:#b87b77\"><strong>Cours de Couture et Ateliers Th\u00e9matiques<br>Val de l&#8217;Eyre, Bassin d&#8217;Arcachon, Sud Gironde, Nord des Landes<\/strong><\/h1>\n\n\n\n<ul class=\"wp-block-list\"><li>Tu viens de songer \u00e0 te mettre \u00e0 la couture et tu habites dans un rayon de 50 km autour de Belin-Beliet ?<\/li><li>Tu couds d\u00e9j\u00e0 un peu, beaucoup, passionn\u00e9ment\u2026 A LA FOLIE !??<\/li><li>Tu pr\u00e9f\u00e8res \u00eatre accompagn\u00e9(e) sur tes premiers points avec ta machine, ou pour progresser sur des techniques particuli\u00e8res (au lieu de stagner sur tes acquis) ?<\/li><\/ul>\n\n\n\n<p>Tu es au bon endroit, pour programmer ton Cours ou Atelier \u00e0 domicile, en Solo, Duo, Trio et plus si affinit\u00e9 !<\/p>\n\n\n\n<h2 class=\"has-text-color wp-block-heading\" style=\"font-size:26px;color:#b87b77\"><strong>Quelle diff\u00e9rence entre les Cours de couture Particuliers et les Ateliers Th\u00e9matiques ?<\/strong><\/h2>\n\n\n\n<h3 class=\"has-text-color wp-block-heading\" style=\"font-size:22px;color:#e5989b\">Atelier Th\u00e9matique<\/h3>\n\n\n\n<p>C&#8217;est un accompagnement pas \u00e0 pas, de A \u00e0 Z, \u00e0 partager entre ami(e)s, coll\u00e8gues, ou en famille, pour confectionner un ou plusieurs accessoires, Mode ou D\u00e9co, selon le th\u00e8me commun choisi.<\/p>\n\n\n\n<p>Viens d\u00e9couvrir ce qui t&#8217;attends par ICI.<\/p>\n\n\n\n<h3 class=\"has-text-color wp-block-heading\" style=\"font-size:22px;color:#e5989b\">Cours Particulier<\/h3>\n\n\n\n<p>Cela peut \u00eatre l&#8217;apprentissage d&#8217;une technique particuli\u00e8re de couture (pose de biais, pose de fermeture \u00e0 glissi\u00e8re, faire une boutonni\u00e8re, lire un patron\u2026etc), ou bien l&#8217;accompagnement personnalis\u00e9 autour d&#8217;un projet qui te tient \u00e0 c\u0153ur (entam\u00e9 ou \u00e0 commencer), et se d\u00e9roule plut\u00f4t en cours particulier.<\/p>\n\n\n\n<h3 class=\"has-text-color wp-block-heading\" style=\"font-size:22px;color:#549f93\">Et pour les vrais d\u00e9butants en couture, comment \u00e7a se passe ?<\/h3>\n\n\n\n<p>Les Ateliers Petassou ont pens\u00e9 \u00e0 celles et ceux qui n&#8217;ont pas os\u00e9 d\u00e9baller ou essayer leur nouvelle machine \u00e0 coudre avec <strong>2 Ateliers Couture pour les d\u00e9butants<\/strong>.<\/p>\n","protected":false},"excerpt":{"rendered":"<p>Cours de Couture et Ateliers Th\u00e9matiquesVal de l&#8217;Eyre, Bassin d&#8217;Arcachon, Sud Gironde, Nord des Landes Tu viens de songer \u00e0 te mettre \u00e0 la couture et tu habites dans un rayon de 50 km autour de Belin-Beliet ? Tu couds d\u00e9j\u00e0 un peu, beaucoup, passionn\u00e9ment\u2026 A LA FOLIE !?? Tu pr\u00e9f\u00e8res \u00eatre accompagn\u00e9(e) sur tes [&hellip;]<\/p>\n","protected":false},"author":1,"featured_media":0,"parent":0,"menu_order":0,"comment_status":"closed","ping_status":"closed","template":"","meta":{"footnotes":""},"class_list":["post-423","page","type-page","status-publish","hentry"],"featured_image_src":null,"featured_image_src_square":null,"jetpack_sharing_enabled":true,"_links":{"self":[{"href":"https:\/\/lesatelierspetassou.fr\/bienvenue\/wp-json\/wp\/v2\/pages\/423","targetHints":{"allow":["GET"]}}],"collection":[{"href":"https:\/\/lesatelierspetassou.fr\/bienvenue\/wp-json\/wp\/v2\/pages"}],"about":[{"href":"https:\/\/lesatelierspetassou.fr\/bienvenue\/wp-json\/wp\/v2\/types\/page"}],"author":[{"embeddable":true,"href":"https:\/\/lesatelierspetassou.fr\/bienvenue\/wp-json\/wp\/v2\/users\/1"}],"replies":[{"embeddable":true,"href":"https:\/\/lesatelierspetassou.fr\/bienvenue\/wp-json\/wp\/v2\/comments?post=423"}],"version-history":[{"count":13,"href":"https:\/\/lesatelierspetassou.fr\/bienvenue\/wp-json\/wp\/v2\/pages\/423\/revisions"}],"predecessor-version":[{"id":438,"href":"https:\/\/lesatelierspetassou.fr\/bienvenue\/wp-json\/wp\/v2\/pages\/423\/revisions\/438"}],"wp:attachment":[{"href":"https:\/\/lesatelierspetassou.fr\/bienvenue\/wp-json\/wp\/v2\/media?parent=423"}],"curies":[{"name":"wp","href":"https:\/\/api.w.org\/{rel}","templated":true}]}}