{"id":323,"date":"2021-02-01T16:32:50","date_gmt":"2021-02-01T15:32:50","guid":{"rendered":"https:\/\/lesatelierspetassou.fr\/?page_id=323"},"modified":"2025-07-26T12:14:52","modified_gmt":"2025-07-26T10:14:52","slug":"accueil","status":"publish","type":"page","link":"https:\/\/lesatelierspetassou.fr\/bienvenue\/","title":{"rendered":"Un Atelier itin\u00e9rant \ud83d\udc4c"},"content":{"rendered":"\n<p><\/p>\n\n\n\n<p><\/p>\n\n\n\n<p><\/p>\n\n\n\n<p>Pour en savoir plus sur ce Projet qui me tient \u00e0 C\u0153ur, suivez le lien !<br><a href=\"https:\/\/fr.ulule.com\/reparation-itinerante-machines-a-coudre\/supporters\/\">https:\/\/fr.ulule.com\/reparation-itinerante-machines-a-coudre<\/a><\/p>\n\n\n\n<p><\/p>\n\n\n\n<figure class=\"wp-block-image size-full\"><img loading=\"lazy\" decoding=\"async\" width=\"1000\" height=\"529\" src=\"https:\/\/lesatelierspetassou.fr\/wp-content\/uploads\/2023\/06\/Pour-un-Atelier-Itinerant-et-Autonome-1.png\" alt=\"\" class=\"wp-image-683\" srcset=\"https:\/\/lesatelierspetassou.fr\/wp-content\/uploads\/2023\/06\/Pour-un-Atelier-Itinerant-et-Autonome-1.png 1000w, https:\/\/lesatelierspetassou.fr\/wp-content\/uploads\/2023\/06\/Pour-un-Atelier-Itinerant-et-Autonome-1-300x159.png 300w, https:\/\/lesatelierspetassou.fr\/wp-content\/uploads\/2023\/06\/Pour-un-Atelier-Itinerant-et-Autonome-1-768x406.png 768w, https:\/\/lesatelierspetassou.fr\/wp-content\/uploads\/2023\/06\/Pour-un-Atelier-Itinerant-et-Autonome-1-310x164.png 310w, https:\/\/lesatelierspetassou.fr\/wp-content\/uploads\/2023\/06\/Pour-un-Atelier-Itinerant-et-Autonome-1-348x184.png 348w\" sizes=\"auto, (max-width: 1000px) 100vw, 1000px\" \/><figcaption class=\"wp-element-caption\"><br><\/figcaption><\/figure>\n\n\n\n<p><\/p>\n\n\n\n<h1 class=\"wp-block-heading\">Mieux vaut Pr\u00e9venir que Gu\u00e9rir !<\/h1>\n\n\n\n<p><strong>Tout comme une Voiture a besoin d&#8217;\u00eatre contr\u00f4l\u00e9e<\/strong>, entretenue, <em>pour vous assurer la s\u00e9curit\u00e9 et la tenue de route pour les km parcourus<\/em>, <strong>Votre Machine \u00e0 coudre<\/strong> m\u00e9rite plusieurs <strong>visites chez un sp\u00e9cialiste<\/strong> <em>(au cours de sa vie et selon les m\u00e8tres de couture r\u00e9alis\u00e9s<\/em>).<\/p>\n\n\n\n<p>Les <strong>ATELIERS PETASSOU<\/strong>, prennent soin de vos Machines (\u00e0 coudre, industrielles, et surjeteuses) pour qu&#8217;elles vous rendent les meilleurs services sur le long terme.<\/p>\n\n\n\n<figure class=\"wp-block-gallery has-nested-images columns-default is-cropped wp-block-gallery-1 is-layout-flex wp-block-gallery-is-layout-flex\">\n<figure class=\"wp-block-image size-thumbnail\"><img loading=\"lazy\" decoding=\"async\" width=\"300\" height=\"225\" data-id=\"395\" src=\"https:\/\/lesatelierspetassou.fr\/wp-content\/uploads\/2021\/02\/SINGER-7184-4-300x225.jpg\" alt=\"\" class=\"wp-image-395\" srcset=\"https:\/\/lesatelierspetassou.fr\/wp-content\/uploads\/2021\/02\/SINGER-7184-4-300x225.jpg 300w, https:\/\/lesatelierspetassou.fr\/wp-content\/uploads\/2021\/02\/SINGER-7184-4-1024x768.jpg 1024w, https:\/\/lesatelierspetassou.fr\/wp-content\/uploads\/2021\/02\/SINGER-7184-4-768x576.jpg 768w, https:\/\/lesatelierspetassou.fr\/wp-content\/uploads\/2021\/02\/SINGER-7184-4-1536x1152.jpg 1536w, https:\/\/lesatelierspetassou.fr\/wp-content\/uploads\/2021\/02\/SINGER-7184-4-2048x1536.jpg 2048w\" sizes=\"auto, (max-width: 300px) 100vw, 300px\" \/><\/figure>\n\n\n\n<figure class=\"wp-block-image size-thumbnail\"><img loading=\"lazy\" decoding=\"async\" width=\"150\" height=\"150\" data-id=\"392\" src=\"https:\/\/lesatelierspetassou.fr\/wp-content\/uploads\/2021\/02\/SINGER-15B-Reparation-4-150x150.jpg\" alt=\"\" class=\"wp-image-392\" srcset=\"https:\/\/lesatelierspetassou.fr\/wp-content\/uploads\/2021\/02\/SINGER-15B-Reparation-4-150x150.jpg 150w, https:\/\/lesatelierspetassou.fr\/wp-content\/uploads\/2021\/02\/SINGER-15B-Reparation-4-600x600.jpg 600w\" sizes=\"auto, (max-width: 150px) 100vw, 150px\" \/><\/figure>\n\n\n\n<figure class=\"wp-block-image size-thumbnail\"><img loading=\"lazy\" decoding=\"async\" width=\"150\" height=\"150\" data-id=\"393\" src=\"https:\/\/lesatelierspetassou.fr\/wp-content\/uploads\/2021\/02\/SINGER-7184_Reparation-5-150x150.jpg\" alt=\"\" class=\"wp-image-393\" srcset=\"https:\/\/lesatelierspetassou.fr\/wp-content\/uploads\/2021\/02\/SINGER-7184_Reparation-5-150x150.jpg 150w, https:\/\/lesatelierspetassou.fr\/wp-content\/uploads\/2021\/02\/SINGER-7184_Reparation-5-600x600.jpg 600w\" sizes=\"auto, (max-width: 150px) 100vw, 150px\" \/><\/figure>\n<\/figure>\n\n\n\n<p>Apprendre \u00e0 ma\u00eetriser sa Machine \u00e0 coudre, c&#8217;est aussi possible. Sous forme d&#8217;Atelier th\u00e9matique ou de Cours Particuliers, \u00e0 domicile, vous pourrez progresser \u00e0 votre rythme.<\/p>\n\n\n\n<h2 class=\"wp-block-heading\">Labelis\u00e9e R\u00e9par&#8217;Actrice depuis 2022 :<\/h2>\n\n\n\n<p>Ma mission Premi\u00e8re est le Maintien de vos Machines \u00e0 Coudre en Bonne Sant\u00e9 ! et \u00e7a comprend :<\/p>\n\n\n\n<p><\/p>\n\n\n\n<ul class=\"wp-block-list\">\n<li>R\u00e9parer ou changer une pi\u00e8ce, tant que cela est, et sera possible !<\/li>\n\n\n\n<li>Privil\u00e9gier des pi\u00e8ces trouv\u00e9es sur les Machines donneuses, et Neuve si pas disponible en Occasion.<\/li>\n\n\n\n<li>Faire savoir que les Machines \u00e0 Coudre, la plupart du Temps se R\u00e9parent !<br><br><\/li>\n<\/ul>\n\n\n\n<figure class=\"wp-block-image size-full\"><img loading=\"lazy\" decoding=\"async\" width=\"760\" height=\"180\" src=\"https:\/\/lesatelierspetassou.fr\/wp-content\/uploads\/2023\/06\/VertClair_banniere.png\" alt=\"Label - R\u00e9par'Acteur\" class=\"wp-image-663\" srcset=\"https:\/\/lesatelierspetassou.fr\/wp-content\/uploads\/2023\/06\/VertClair_banniere.png 760w, https:\/\/lesatelierspetassou.fr\/wp-content\/uploads\/2023\/06\/VertClair_banniere-300x71.png 300w, https:\/\/lesatelierspetassou.fr\/wp-content\/uploads\/2023\/06\/VertClair_banniere-310x73.png 310w, https:\/\/lesatelierspetassou.fr\/wp-content\/uploads\/2023\/06\/VertClair_banniere-348x82.png 348w\" sizes=\"auto, (max-width: 760px) 100vw, 760px\" \/><figcaption class=\"wp-element-caption\"><em>Label R\u00e9par&#8217;Acteur pour une R\u00e9par&#8217;Actrice Belin\u00e9toise<\/em><\/figcaption><\/figure>\n\n\n\n<h2 class=\"wp-block-heading\"><\/h2>\n","protected":false},"excerpt":{"rendered":"<p>Pour en savoir plus sur ce Projet qui me tient \u00e0 C\u0153ur, suivez le lien !https:\/\/fr.ulule.com\/reparation-itinerante-machines-a-coudre Mieux vaut Pr\u00e9venir que Gu\u00e9rir ! Tout comme une Voiture a besoin d&#8217;\u00eatre contr\u00f4l\u00e9e, entretenue, pour vous assurer la s\u00e9curit\u00e9 et la tenue de route pour les km parcourus, Votre Machine \u00e0 coudre m\u00e9rite plusieurs visites chez un sp\u00e9cialiste [&hellip;]<\/p>\n","protected":false},"author":1,"featured_media":0,"parent":0,"menu_order":0,"comment_status":"closed","ping_status":"closed","template":"","meta":{"footnotes":""},"class_list":["post-323","page","type-page","status-publish","hentry"],"featured_image_src":null,"featured_image_src_square":null,"jetpack_sharing_enabled":true,"_links":{"self":[{"href":"https:\/\/lesatelierspetassou.fr\/bienvenue\/wp-json\/wp\/v2\/pages\/323","targetHints":{"allow":["GET"]}}],"collection":[{"href":"https:\/\/lesatelierspetassou.fr\/bienvenue\/wp-json\/wp\/v2\/pages"}],"about":[{"href":"https:\/\/lesatelierspetassou.fr\/bienvenue\/wp-json\/wp\/v2\/types\/page"}],"author":[{"embeddable":true,"href":"https:\/\/lesatelierspetassou.fr\/bienvenue\/wp-json\/wp\/v2\/users\/1"}],"replies":[{"embeddable":true,"href":"https:\/\/lesatelierspetassou.fr\/bienvenue\/wp-json\/wp\/v2\/comments?post=323"}],"version-history":[{"count":19,"href":"https:\/\/lesatelierspetassou.fr\/bienvenue\/wp-json\/wp\/v2\/pages\/323\/revisions"}],"predecessor-version":[{"id":801,"href":"https:\/\/lesatelierspetassou.fr\/bienvenue\/wp-json\/wp\/v2\/pages\/323\/revisions\/801"}],"wp:attachment":[{"href":"https:\/\/lesatelierspetassou.fr\/bienvenue\/wp-json\/wp\/v2\/media?parent=323"}],"curies":[{"name":"wp","href":"https:\/\/api.w.org\/{rel}","templated":true}]}}