{"id":255,"date":"2020-11-05T18:51:18","date_gmt":"2020-11-05T17:51:18","guid":{"rendered":"http:\/\/lesatelierspetassou.fr\/?page_id=255"},"modified":"2024-08-29T15:01:36","modified_gmt":"2024-08-29T13:01:36","slug":"contact","status":"publish","type":"page","link":"https:\/\/lesatelierspetassou.fr\/bienvenue\/contact\/","title":{"rendered":"CONTACT"},"content":{"rendered":"<div class=\"wpforms-container wpforms-container-full wpforms-block wpforms-block-2aa49e06-2144-4b69-94b9-841629b733e5\" id=\"wpforms-724\"><form id=\"wpforms-form-724\" class=\"wpforms-validate wpforms-form\" data-formid=\"724\" method=\"post\" enctype=\"multipart\/form-data\" action=\"\/bienvenue\/wp-json\/wp\/v2\/pages\/255?wpforms_form_id=724\" data-token=\"5287cc5e0b4bedba6d4b5df05f0a2686\" data-token-time=\"1778593772\"><noscript class=\"wpforms-error-noscript\">Veuillez activer JavaScript dans votre navigateur pour remplir ce formulaire.<\/noscript><div class=\"wpforms-field-container\"><div id=\"wpforms-724-field_0-container\" class=\"wpforms-field wpforms-field-name\" data-field-id=\"0\"><label class=\"wpforms-field-label\">Pr\u00e9nom \/ Nom <span class=\"wpforms-required-label\">*<\/span><\/label><div class=\"wpforms-field-row wpforms-field-medium\"><div class=\"wpforms-field-row-block wpforms-first wpforms-one-half\"><input type=\"text\" id=\"wpforms-724-field_0\" class=\"wpforms-field-name-first wpforms-field-required\" name=\"wpforms[fields][0][first]\" value=\"Pr\u00e9nom\" required><label for=\"wpforms-724-field_0\" class=\"wpforms-field-sublabel after\">Pr\u00e9nom<\/label><\/div><div class=\"wpforms-field-row-block wpforms-one-half\"><input type=\"text\" id=\"wpforms-724-field_0-last\" class=\"wpforms-field-name-last wpforms-field-required\" name=\"wpforms[fields][0][last]\" value=\"Nom\" required><label for=\"wpforms-724-field_0-last\" class=\"wpforms-field-sublabel after\">Nom<\/label><\/div><\/div><\/div><div id=\"wpforms-724-field_18-container\" class=\"wpforms-field wpforms-field-text\" data-field-id=\"18\"><label class=\"wpforms-field-label\" for=\"wpforms-724-field_18\">Code Postal <span class=\"wpforms-required-label\">*<\/span><\/label><input type=\"text\" id=\"wpforms-724-field_18\" class=\"wpforms-field-small wpforms-field-required wpforms-limit-characters-enabled\" data-form-id=\"724\" data-field-id=\"18\" data-text-limit=\"5\" name=\"wpforms[fields][18]\" maxlength=\"5\" required><div class=\"wpforms-field-description\">Afin de m&#8217;aider \u00e0 vous localiser et m&#8217;organiser.<\/div><\/div><div id=\"wpforms-724-field_1-container\" class=\"wpforms-field wpforms-field-email\" data-field-id=\"1\"><label class=\"wpforms-field-label\" for=\"wpforms-724-field_1\">E-mail <span class=\"wpforms-required-label\">*<\/span><\/label><input type=\"email\" id=\"wpforms-724-field_1\" class=\"wpforms-field-medium wpforms-field-required\" name=\"wpforms[fields][1]\" spellcheck=\"false\" required><\/div><div id=\"wpforms-724-field_6-container\" class=\"wpforms-field wpforms-field-text\" data-field-id=\"6\"><label class=\"wpforms-field-label\" for=\"wpforms-724-field_6\">Num\u00e9ro de T\u00e9l\u00e9phone et Disponibilit\u00e9s <span class=\"wpforms-required-label\">*<\/span><\/label><input type=\"text\" id=\"wpforms-724-field_6\" class=\"wpforms-field-large wpforms-field-required\" name=\"wpforms[fields][6]\" required><div class=\"wpforms-field-description\">Pour vous recontacter dans les meilleures conditions.<\/div><\/div><div id=\"wpforms-724-field_4-container\" class=\"wpforms-field wpforms-field-select wpforms-field-select-style-classic\" data-field-id=\"4\"><label class=\"wpforms-field-label\" for=\"wpforms-724-field_4\">Objet de votre demande <span class=\"wpforms-required-label\">*<\/span><\/label><select id=\"wpforms-724-field_4\" class=\"wpforms-field-medium wpforms-field-required\" name=\"wpforms[fields][4]\" required=\"required\"><option value=\"Entretenir ma Machine\"  selected='selected' class=\"choice-2 depth-1\"  >Entretenir ma Machine<\/option><option value=\"R\u00e9parer ma Machine\"  class=\"choice-5 depth-1\"  >R\u00e9parer ma Machine<\/option><option value=\"Programmer un Atelier ou un Cours\"  class=\"choice-9 depth-1\"  >Programmer un Atelier ou un Cours<\/option><option value=\"Offrir un Bon Cadeau\"  class=\"choice-10 depth-1\"  >Offrir un Bon Cadeau<\/option><option value=\"Partager une photo \/ r\u00e9ponse \u00e0 une publication Facebook\"  class=\"choice-11 depth-1\"  >Partager une photo \/ r\u00e9ponse \u00e0 une publication Facebook<\/option><option value=\"Demander un devis\"  class=\"choice-7 depth-1\"  >Demander un devis<\/option><option value=\"iser en comAutre Demande (\u00e0 pr\u00e9cmentaires)\"  class=\"choice-8 depth-1\"  >iser en comAutre Demande (\u00e0 pr\u00e9cmentaires)<\/option><\/select><div class=\"wpforms-field-description\">S\u00e9lectionnez l&#8217;objet du message afin de faciliter et permettre une r\u00e9ponse rapide et adapt\u00e9e \u00e0 votre besoin.<\/div><\/div><div id=\"wpforms-724-field_15-container\" class=\"wpforms-field wpforms-field-checkbox wpforms-list-inline\" data-field-id=\"15\"><label class=\"wpforms-field-label\">Type de machine<\/label><ul id=\"wpforms-724-field_15\" data-choice-limit=\"3\"><li class=\"choice-1 depth-1\"><input type=\"checkbox\" id=\"wpforms-724-field_15_1\" data-rule-check-limit=\"true\" name=\"wpforms[fields][15][]\" value=\"A coudre M\u00e9canique\"  ><label class=\"wpforms-field-label-inline\" for=\"wpforms-724-field_15_1\">A coudre M\u00e9canique<\/label><\/li><li class=\"choice-2 depth-1\"><input type=\"checkbox\" id=\"wpforms-724-field_15_2\" data-rule-check-limit=\"true\" name=\"wpforms[fields][15][]\" value=\"A coudre Electronique\"  ><label class=\"wpforms-field-label-inline\" for=\"wpforms-724-field_15_2\">A coudre Electronique<\/label><\/li><li class=\"choice-3 depth-1\"><input type=\"checkbox\" id=\"wpforms-724-field_15_3\" data-rule-check-limit=\"true\" name=\"wpforms[fields][15][]\" value=\"Artisanale \/ Industrielle\"  ><label class=\"wpforms-field-label-inline\" for=\"wpforms-724-field_15_3\">Artisanale \/ Industrielle<\/label><\/li><li class=\"choice-4 depth-1\"><input type=\"checkbox\" id=\"wpforms-724-field_15_4\" data-rule-check-limit=\"true\" name=\"wpforms[fields][15][]\" value=\"Surjeteuse\"  ><label class=\"wpforms-field-label-inline\" for=\"wpforms-724-field_15_4\">Surjeteuse<\/label><\/li><li class=\"choice-5 depth-1\"><input type=\"checkbox\" id=\"wpforms-724-field_15_5\" data-rule-check-limit=\"true\" name=\"wpforms[fields][15][]\" value=\"Brodeuse\"  ><label class=\"wpforms-field-label-inline\" for=\"wpforms-724-field_15_5\">Brodeuse<\/label><\/li><\/ul><\/div><div id=\"wpforms-724-field_16-container\" class=\"wpforms-field wpforms-field-checkbox wpforms-list-inline\" data-field-id=\"16\"><label class=\"wpforms-field-label\">Marque de la machine<\/label><ul id=\"wpforms-724-field_16\"><li class=\"choice-5 depth-1\"><input type=\"checkbox\" id=\"wpforms-724-field_16_5\" name=\"wpforms[fields][16][]\" value=\"Bernina\"  ><label class=\"wpforms-field-label-inline\" for=\"wpforms-724-field_16_5\">Bernina<\/label><\/li><li class=\"choice-1 depth-1\"><input type=\"checkbox\" id=\"wpforms-724-field_16_1\" name=\"wpforms[fields][16][]\" value=\"Brother\"  ><label class=\"wpforms-field-label-inline\" for=\"wpforms-724-field_16_1\">Brother<\/label><\/li><li class=\"choice-2 depth-1\"><input type=\"checkbox\" id=\"wpforms-724-field_16_2\" name=\"wpforms[fields][16][]\" value=\"Elna\"  ><label class=\"wpforms-field-label-inline\" for=\"wpforms-724-field_16_2\">Elna<\/label><\/li><li class=\"choice-3 depth-1\"><input type=\"checkbox\" id=\"wpforms-724-field_16_3\" name=\"wpforms[fields][16][]\" value=\"Pfaff\"  ><label class=\"wpforms-field-label-inline\" for=\"wpforms-724-field_16_3\">Pfaff<\/label><\/li><li class=\"choice-6 depth-1\"><input type=\"checkbox\" id=\"wpforms-724-field_16_6\" name=\"wpforms[fields][16][]\" value=\"Silver\"  ><label class=\"wpforms-field-label-inline\" for=\"wpforms-724-field_16_6\">Silver<\/label><\/li><li class=\"choice-4 depth-1\"><input type=\"checkbox\" id=\"wpforms-724-field_16_4\" name=\"wpforms[fields][16][]\" value=\"Singer\"  ><label class=\"wpforms-field-label-inline\" for=\"wpforms-724-field_16_4\">Singer<\/label><\/li><li class=\"choice-7 depth-1\"><input type=\"checkbox\" id=\"wpforms-724-field_16_7\" name=\"wpforms[fields][16][]\" value=\"Autre (\u00e0 pr\u00e9ciser avec le mod\u00e8le)\"  ><label class=\"wpforms-field-label-inline\" for=\"wpforms-724-field_16_7\">Autre (\u00e0 pr\u00e9ciser avec le mod\u00e8le)<\/label><\/li><\/ul><\/div><div id=\"wpforms-724-field_17-container\" class=\"wpforms-field wpforms-field-text\" data-field-id=\"17\"><label class=\"wpforms-field-label\" for=\"wpforms-724-field_17\">Mod\u00e8le de la machine<\/label><input type=\"text\" id=\"wpforms-724-field_17\" class=\"wpforms-field-medium\" name=\"wpforms[fields][17]\" ><div class=\"wpforms-field-description\">Merci d&#8217;indiquer ici le mod\u00e8le et la marque de la machine concern\u00e9e, si besoin.<\/div><\/div><div id=\"wpforms-724-field_2-container\" class=\"wpforms-field wpforms-field-textarea\" data-field-id=\"2\"><label class=\"wpforms-field-label\" for=\"wpforms-724-field_2\">Commentaire ou message <span class=\"wpforms-required-label\">*<\/span><\/label><textarea id=\"wpforms-724-field_2\" class=\"wpforms-field-medium wpforms-field-required\" name=\"wpforms[fields][2]\" required><\/textarea><\/div><div id=\"wpforms-724-field_20-container\" class=\"wpforms-field wpforms-field-file-upload\" data-field-id=\"20\"><label class=\"wpforms-field-label\" for=\"wpforms-724-field_20\">T\u00e9l\u00e9versement de fichier<\/label><div\n\t\tclass=\"wpforms-uploader \"\n\t\tdata-field-id=\"20\"\n\t\tdata-form-id=\"724\"\n\t\tdata-input-name=\"wpforms_724_20\"\n\t\tdata-extensions=\"png,gif,jpg,doc,xls,ppt,pdf,wav,mp3,mp4,mpg,mov,wmv\"\n\t\tdata-max-size=\"3145728\"\n\t\tdata-max-file-number=\"2\"\n\t\tdata-post-max-size=\"134217728\"\n\t\tdata-max-parallel-uploads=\"4\"\n\t\tdata-parallel-uploads=\"true\"\n\t\tdata-file-chunk-size=\"2097152\">\n\t<div class=\"dz-message\">\n\t\t<svg  viewBox=\"0 0 640 640\" focusable=\"false\" data-icon=\"inbox\" width=\"50px\" height=\"50px\" fill=\"currentColor\" aria-hidden=\"true\">\n\t\t\t<path d=\"M352 173.3L352 384C352 401.7 337.7 416 320 416C302.3 416 288 401.7 288 384L288 173.3L246.6 214.7C234.1 227.2 213.8 227.2 201.3 214.7C188.8 202.2 188.8 181.9 201.3 169.4L297.3 73.4C309.8 60.9 330.1 60.9 342.6 73.4L438.6 169.4C451.1 181.9 451.1 202.2 438.6 214.7C426.1 227.2 405.8 227.2 393.3 214.7L352 173.3zM320 464C364.2 464 400 428.2 400 384L480 384C515.3 384 544 412.7 544 448L544 480C544 515.3 515.3 544 480 544L160 544C124.7 544 96 515.3 96 480L96 448C96 412.7 124.7 384 160 384L240 384C240 428.2 275.8 464 320 464zM464 488C477.3 488 488 477.3 488 464C488 450.7 477.3 440 464 440C450.7 440 440 450.7 440 464C440 477.3 450.7 488 464 488z\"\/>\n\t\t<\/svg>\n\n\t\t<span class=\"modern-title\">\n\t\t\t\t\t\t\tDrag &amp; Drop Files, \t\t\t\t<span>Choose Files to Upload<\/span>\n\t\t\t\t\t<\/span>\n\n\t\t\t\t\t<span class=\"modern-hint\">Vous pouvez t\u00e9l\u00e9verser jusqu\u2019\u00e0 2 fichiers.<\/span>\n\t\t\t<\/div>\n<\/div>\n\n<input\n\t\ttype=\"text\"\n\t\tautocomplete=\"off\"\n\t\treadonly\n\t\tclass=\"dropzone-input\"\n\t\tstyle=\"position:absolute!important;clip:rect(0,0,0,0)!important;height:1px!important;width:1px!important;border:0!important;overflow:hidden!important;padding:0!important;margin:0!important;\"\n\t\tid=\"wpforms-724-field_20\"\n\t\tname=\"wpforms_724_20\" \t\tvalue=\"\">\n<div class=\"wpforms-field-description\">D\u00e9posez ici vos fichiers permettant :\r\n&#8211; d&#8217;identifier votre machine\r\n(\u00e9tiquette signal\u00e9tique indiquant mod\u00e8le et num\u00e9ro de s\u00e9rie),\r\n&#8211; d&#8217;illustrer votre demande\r\n&#8211; ou bien de r\u00e9pondre par une photo \u00e0 une de mes publications sur Facebook par exemple \ud83d\ude42<\/div><\/div><div id=\"wpforms-724-field_19-container\" class=\"wpforms-field wpforms-field-gdpr-checkbox\" data-field-id=\"19\"><label class=\"wpforms-field-label\">Accord RGPD <span class=\"wpforms-required-label\">*<\/span><\/label><ul id=\"wpforms-724-field_19\" class=\"wpforms-field-required\"><li class=\"choice-1\"><input type=\"checkbox\" id=\"wpforms-724-field_19_1\" name=\"wpforms[fields][19][]\" value=\"Je consens \u00e0 ce que ce site stocke mes informations envoy\u00e9es afin qu\u2019ils puissent r\u00e9pondre \u00e0 ma requ\u00eate.\" required ><label class=\"wpforms-field-label-inline\" for=\"wpforms-724-field_19_1\">Je consens \u00e0 ce que ce site stocke mes informations envoy\u00e9es afin qu\u2019ils puissent r\u00e9pondre \u00e0 ma requ\u00eate.<\/label><\/li><\/ul><div class=\"wpforms-field-description\">Il est \u00e9vident que vous \u00eates libres de r\u00e9clamer la suppression de vos donn\u00e9es personnelles \u00e0 n&#8217;importe quel moment, sur simple demande par mail.<\/div><\/div><\/div><!-- .wpforms-field-container --><div class=\"wpforms-recaptcha-container wpforms-is-turnstile\" ><div class=\"wpforms-turnstile\" data-sitekey=\"0x4AAAAAAAHtnOyX4xdwMWhF\" data-action=\"FormID-724\"><\/div><input type=\"text\" name=\"g-recaptcha-hidden\" class=\"wpforms-recaptcha-hidden\" style=\"position:absolute!important;clip:rect(0,0,0,0)!important;height:1px!important;width:1px!important;border:0!important;overflow:hidden!important;padding:0!important;margin:0!important;\" data-rule-turnstile=\"1\"><\/div><div class=\"wpforms-submit-container\" ><input type=\"hidden\" name=\"wpforms[id]\" value=\"724\"><input type=\"hidden\" name=\"page_title\" value=\"\"><input type=\"hidden\" name=\"page_url\" value=\"https:\/\/lesatelierspetassou.fr\/bienvenue\/wp-json\/wp\/v2\/pages\/255\"><input type=\"hidden\" name=\"url_referer\" value=\"\"><button type=\"submit\" name=\"wpforms[submit]\" id=\"wpforms-submit-724\" class=\"wpforms-submit\" data-alt-text=\"Envoi...\" data-submit-text=\"Envoyer\" aria-live=\"assertive\" value=\"wpforms-submit\">Envoyer<\/button><\/div><\/form><\/div>  <!-- .wpforms-container -->\n\n\n<figure class=\"wp-block-image size-large is-resized\"><img loading=\"lazy\" decoding=\"async\" src=\"https:\/\/lesatelierspetassou.fr\/wp-content\/uploads\/2021\/02\/carte-de-visite.jpg\" alt=\"\" class=\"wp-image-386\" width=\"339\" height=\"219\" srcset=\"https:\/\/lesatelierspetassou.fr\/wp-content\/uploads\/2021\/02\/carte-de-visite.jpg 598w, https:\/\/lesatelierspetassou.fr\/wp-content\/uploads\/2021\/02\/carte-de-visite-300x194.jpg 300w\" sizes=\"auto, (max-width: 339px) 100vw, 339px\" \/><\/figure>\n","protected":false},"excerpt":{"rendered":"","protected":false},"author":1,"featured_media":0,"parent":0,"menu_order":4,"comment_status":"closed","ping_status":"closed","template":"","meta":{"footnotes":""},"class_list":["post-255","page","type-page","status-publish","hentry"],"featured_image_src":null,"featured_image_src_square":null,"jetpack_sharing_enabled":true,"_links":{"self":[{"href":"https:\/\/lesatelierspetassou.fr\/bienvenue\/wp-json\/wp\/v2\/pages\/255","targetHints":{"allow":["GET"]}}],"collection":[{"href":"https:\/\/lesatelierspetassou.fr\/bienvenue\/wp-json\/wp\/v2\/pages"}],"about":[{"href":"https:\/\/lesatelierspetassou.fr\/bienvenue\/wp-json\/wp\/v2\/types\/page"}],"author":[{"embeddable":true,"href":"https:\/\/lesatelierspetassou.fr\/bienvenue\/wp-json\/wp\/v2\/users\/1"}],"replies":[{"embeddable":true,"href":"https:\/\/lesatelierspetassou.fr\/bienvenue\/wp-json\/wp\/v2\/comments?post=255"}],"version-history":[{"count":8,"href":"https:\/\/lesatelierspetassou.fr\/bienvenue\/wp-json\/wp\/v2\/pages\/255\/revisions"}],"predecessor-version":[{"id":730,"href":"https:\/\/lesatelierspetassou.fr\/bienvenue\/wp-json\/wp\/v2\/pages\/255\/revisions\/730"}],"wp:attachment":[{"href":"https:\/\/lesatelierspetassou.fr\/bienvenue\/wp-json\/wp\/v2\/media?parent=255"}],"curies":[{"name":"wp","href":"https:\/\/api.w.org\/{rel}","templated":true}]}}